{"id":14,"date":"2025-07-24T13:16:30","date_gmt":"2025-07-24T13:16:30","guid":{"rendered":"https:\/\/fatec-ing.com.do\/?page_id=14"},"modified":"2025-09-25T11:39:09","modified_gmt":"2025-09-25T11:39:09","slug":"inicio-fse","status":"publish","type":"page","link":"https:\/\/fatec-ing.com.do\/","title":{"rendered":"Inicio"},"content":{"rendered":"\t\t<div data-elementor-type=\"wp-page\" data-elementor-id=\"14\" class=\"elementor elementor-14\">\n\t\t\t\t<div class=\"elementor-element elementor-element-7048829c e-flex e-con-boxed e-con e-parent\" data-id=\"7048829c\" data-element_type=\"container\">\n\t\t\t\t\t<div class=\"e-con-inner\">\n\t\t\t\t<div class=\"elementor-element elementor-element-5e1605d9 elementor-widget elementor-widget-text-editor\" data-id=\"5e1605d9\" data-element_type=\"widget\" data-widget_type=\"text-editor.default\">\n\t\t\t\t\t\t\t\t\t<p>&nbsp;<\/p>\n\n<div class=\"wp-block-group alignfull is-layout-constrained wp-block-group-is-layout-constrained\" style=\"padding-top:6rem;padding-bottom:0rem\">\n<div class=\"wp-block-columns alignwide cons_light_feature is-layout-flex wp-container-core-columns-is-layout-193a76bc wp-block-columns-is-layout-flex\" style=\"padding-right:4rem;padding-left:4rem\">\n<div class=\"wp-block-column has-shadow-dark feature-list is-layout-flow wp-block-column-is-layout-flow\" style=\"padding-top:0;padding-right:0;padding-bottom:0;padding-left:0\">\n<div class=\"wp-block-group box is-layout-constrained wp-block-group-is-layout-constrained\">\n<figure class=\"wp-block-image aligncenter size-medium\"><img decoding=\"async\" src=\"https:\/\/fatec-ing.com.do\/wp-content\/uploads\/2025\/09\/venta-comercializacion-asfalto.jpg\" alt=\"\" class=\"wp-image-572\"\/><\/figure>\n\n\n\n<div class=\"wp-block-group is-layout-constrained wp-container-core-group-is-layout-76ec704c wp-block-group-is-layout-constrained\" style=\"padding-right:2rem;padding-bottom:2rem;padding-left:2rem\">\n<h3 class=\"has-text-align-center has-large-font-size wp-block-heading\" style=\"padding-bottom:1.5rem\">Fabricaci\u00f3n, Venta y aplicaci\u00f3n de Asfalto<\/h3>\n\n\n\n<p class=\"has-text-align-center\" style=\"margin-top:0;margin-right:0;margin-bottom:0;margin-left:0\">Nos especializamos en la fabricaci\u00f3n, venta y aplicaci\u00f3n de asfalto, ofreciendo soluciones integrales para proyectos de construcci\u00f3n vial e industrial...<\/p>\n<\/div>\n<\/div>\n<\/div>\n\n\n\n<div class=\"wp-block-column has-shadow-dark feature-list is-layout-flow wp-block-column-is-layout-flow\">\n<div class=\"wp-block-group box is-layout-constrained wp-block-group-is-layout-constrained\">\n<figure class=\"wp-block-image aligncenter size-medium\"><img decoding=\"async\" src=\"https:\/\/fatec-ing.com.do\/wp-content\/uploads\/2025\/09\/hormigones-cerezo-hormigon.jpg\" alt=\"\" class=\"wp-image-573\"\/><\/figure>\n\n\n\n<div class=\"wp-block-group is-layout-constrained wp-container-core-group-is-layout-038f87a8 wp-block-group-is-layout-constrained\" style=\"padding-right:2rem;padding-bottom:2rem;padding-left:2rem\">\n<h3 class=\"has-text-align-center has-large-font-size wp-block-heading\" style=\"padding-bottom:1.5rem\">Venta y Aplicaci\u00f3n de Hormig\u00f3n<\/h3>\n\n\n\n<p class=\"has-text-align-center\" style=\"margin-top:0;margin-right:0;margin-bottom:0;margin-left:0\">Ofrecemos servicios de venta y aplicaci\u00f3n de hormig\u00f3n, brindando soluciones confiables y de alta calidad para proyectos de construcci\u00f3n...<\/p>\n<\/div>\n<\/div>\n<\/div>\n\n\n\n<div class=\"wp-block-column has-shadow-dark feature-list is-layout-flow wp-block-column-is-layout-flow\">\n<div class=\"wp-block-group box is-layout-constrained wp-block-group-is-layout-constrained\">\n<figure class=\"wp-block-image aligncenter size-medium\"><img decoding=\"async\" src=\"https:\/\/fatec-ing.com.do\/wp-content\/uploads\/2025\/09\/istockphoto-1435155757-612x612-1.jpg\" alt=\"\" class=\"wp-image-845\"\/><\/figure>\n\n\n\n<div class=\"wp-block-group is-layout-constrained wp-container-core-group-is-layout-76ec704c wp-block-group-is-layout-constrained\" style=\"padding-right:2rem;padding-bottom:2rem;padding-left:2rem\">\n<h3 class=\"has-text-align-center has-large-font-size wp-block-heading\" style=\"padding-bottom:1.5rem\">Fabricaci\u00f3n, venta y distribuci\u00f3n de Blocks<\/h3>\n\n\n\n<p class=\"has-text-align-center\" style=\"margin-top:0;margin-right:0;margin-bottom:0;margin-left:0\">Nos dedicamos a la fabricaci\u00f3n, venta y distribuci\u00f3n de blocks, garantizando materiales de construcci\u00f3n resistentes y de excelente calidad\u2026<\/p>\n<\/div>\n<\/div>\n<\/div>\n<\/div>\n<\/div>\n\n\n\n\n\n\n\n\n\n<div class=\"wp-block-group alignfull is-layout-constrained wp-block-group-is-layout-constrained\" style=\"padding-top:0rem;padding-bottom:0rem\">\n<div class=\"wp-block-columns alignwide cons_light_feature is-layout-flex wp-container-core-columns-is-layout-193a76bc wp-block-columns-is-layout-flex\" style=\"padding-right:4rem;padding-left:4rem\">\n<div class=\"wp-block-column has-shadow-dark feature-list is-layout-flow wp-block-column-is-layout-flow\" style=\"padding-top:0;padding-right:0;padding-bottom:0;padding-left:0\">\n<div class=\"wp-block-group box is-layout-constrained wp-block-group-is-layout-constrained\">\n<figure class=\"wp-block-image aligncenter size-medium\"><img decoding=\"async\" src=\"https:\/\/fatec-ing.com.do\/wp-content\/uploads\/2025\/09\/albace_naves_industriales3.jpg\" alt=\"\" class=\"wp-image-572\"\/><\/figure>\n\n\n\n<div class=\"wp-block-group is-layout-constrained wp-container-core-group-is-layout-76ec704c wp-block-group-is-layout-constrained\" style=\"padding-right:2rem;padding-bottom:2rem;padding-left:2rem\">\n<h3 class=\"has-text-align-center has-large-font-size wp-block-heading\" style=\"padding-bottom:1.5rem\">Construcci\u00f3n y Alquiler de Naves Industriales<\/h3>\n\n\n\n<p class=\"has-text-align-center\" style=\"margin-top:0;margin-right:0;margin-bottom:0;margin-left:0\">Brindamos servicios de construcci\u00f3n y alquiler de naves industriales, dise\u00f1adas para cumplir con los m\u00e1s altos est\u00e1ndares de funcionalidad y seguridad. Ofrecemos soluciones adaptadas a las\u2026<\/p>\n<\/div>\n<\/div>\n<\/div>\n\n\n\n<div class=\"wp-block-column has-shadow-dark feature-list is-layout-flow wp-block-column-is-layout-flow\">\n<div class=\"wp-block-group box is-layout-constrained wp-block-group-is-layout-constrained\">\n<figure class=\"wp-block-image aligncenter size-medium\"><img decoding=\"async\" src=\"https:\/\/fatec-ing.com.do\/wp-content\/uploads\/2025\/09\/dsc05598jpeg.webp\" alt=\"\" class=\"wp-image-573\"\/><\/figure>\n\n\n\n<div class=\"wp-block-group is-layout-constrained wp-container-core-group-is-layout-038f87a8 wp-block-group-is-layout-constrained\" style=\"padding-right:2rem;padding-bottom:2rem;padding-left:2rem\">\n<h3 class=\"has-text-align-center has-large-font-size wp-block-heading\" style=\"padding-bottom:1.5rem\">Fabricacion, venta y distribuci\u00f3n de Plasticos Duraderos<\/h3>\n\n\n\n<p class=\"has-text-align-center\" style=\"margin-top:0;margin-right:0;margin-bottom:0;margin-left:0\">Nos especializamos en la fabricaci\u00f3n, venta y distribuci\u00f3n de pl\u00e1sticos duraderos, ofreciendo materiales de alta resistencia y calidad para diferentes aplicaciones industriales y comerciales. Nuestros productos est\u00e1n\u2026<\/p>\n<\/div>\n<\/div>\n<\/div>\n\n\n\n<div class=\"wp-block-column has-shadow-dark feature-list is-layout-flow wp-block-column-is-layout-flow\">\n<div class=\"wp-block-group box is-layout-constrained wp-block-group-is-layout-constrained\">\n<figure class=\"wp-block-image aligncenter size-medium\"><img decoding=\"async\" src=\"https:\/\/fatec-ing.com.do\/wp-content\/uploads\/2025\/09\/agregados1637619146.png\" alt=\"\" class=\"wp-image-845\"\/><\/figure>\n\n\n\n<div class=\"wp-block-group is-layout-constrained wp-container-core-group-is-layout-76ec704c wp-block-group-is-layout-constrained\" style=\"padding-right:2rem;padding-bottom:2rem;padding-left:2rem\">\n<h3 class=\"has-text-align-center has-large-font-size wp-block-heading\" style=\"padding-bottom:1.5rem\">Venta de Agregado<\/h3>\n\n\n\n<p class=\"has-text-align-center\" style=\"margin-top:0;margin-right:0;margin-bottom:0;margin-left:0\">Ofrecemos venta de agregados para la construcci\u00f3n, garantizando materiales de primera calidad como arena, grava, gravilla y otros insumos esenciales para el desarrollo de obras civiles, residenciales e industriales. Aseguramos un\u2026<\/p>\n<\/div>\n<\/div>\n<\/div>\n<\/div>\n<\/div>\n\n\n\n<div class=\"wp-block-group has-background is-layout-constrained wp-container-core-group-is-layout-08691ea1 wp-block-group-is-layout-constrained\" style=\"padding-top:100px;padding-right:20px;padding-bottom:100px;padding-left:20px\">\n<div class=\"wp-block-columns alignwide is-layout-flex wp-container-core-columns-is-layout-28f84493 wp-block-columns-is-layout-flex\">\n<div class=\"wp-block-column is-layout-flow wp-block-column-is-layout-flow\">\n<div class=\"wp-block-group animated animated-fadeInUp is-layout-flow wp-block-group-is-layout-flow\">\n<figure class=\"wp-block-image size-full  no-margin\" style=\"border-radius:0px\"><img decoding=\"async\" src=\"https:\/\/fatec-ing.com.do\/wp-content\/uploads\/2025\/09\/ChatGPT-Image-Sep-23-2025-01_04_20-PM2.png\" alt=\"\" class=\"wp-image-633\"\/><\/figure>\n<\/div>\n<\/div>\n\n\n\n<div class=\"wp-block-column is-vertically-aligned-center is-layout-flow wp-block-column-is-layout-flow\" style=\"padding-top:0px;padding-right:40px;padding-left:40px\">\n<div class=\"wp-block-group alignwide is-layout-constrained wp-container-core-group-is-layout-26420631 wp-block-group-is-layout-constrained\">\n<div class=\"wp-block-group animated animated-fadeInUp is-nowrap is-layout-flex wp-container-core-group-is-layout-e088cbc5 wp-block-group-is-layout-flex\">\n<div class=\"wp-block-group is-layout-flow wp-block-group-is-layout-flow\">\n<hr class=\"wp-block-separator has-text-color has-primary-color has-alpha-channel-opacity has-primary-background-color has-background\"\/>\n<\/div>\n\n\n\n<p class=\"animated animated-fadeInUp has-primary-color has-text-color has-medium-font-size\" style=\"letter-spacing:1px\">SIEMPRE NOS CENTRAMOS EN<\/p>\n<\/div>\n\n\n\n<h2 class=\"animated animated-fadeInUp has-slider-title-font-size wp-block-heading\" style=\"line-height:1.2\">\u00bfPor qu\u00e9 elegirnos? <\/h2>\n\n\n\n<p class=\"animated animated-fadeInUp\">Impulsamos el futuro de la construcci\u00f3n y la industria en la Rep\u00fablica Dominicana con soluciones integrales que combinan innovaci\u00f3n, eficiencia y sostenibilidad. Nuestras plantas de asfalto, concreto y pl\u00e1sticos, junto con proyectos industriales de gran impacto, garantizan productos y servicios de la m\u00e1s alta calidad. Trabajamos bajo una visi\u00f3n estrat\u00e9gica que prioriza el desarrollo econ\u00f3mico, el compromiso social y el respeto al medio ambiente.<\/p>\n\n\n\n<div class=\"wp-block-group is-nowrap is-layout-flex wp-container-core-group-is-layout-e13ac5b4 wp-block-group-is-layout-flex\">\n<ul class=\"animated animated-fadeInUp wp-block-list\">\n  <li>Construcci\u00f3n de Infraestructura<\/li>\n  <li>Producci\u00f3n Industrial<\/li>\n  <li>Desarrollo de Parques y Naves<\/li>\n  <li>Fabricaci\u00f3n de Pl\u00e1sticos Duraderos<\/li>\n<\/ul>\n\n\n\n<ul class=\"animated animated-fadeInUp wp-block-list\">\n  <li>Construcci\u00f3n y Obras Civiles<\/li>\n  <li>Infraestructura Vial<\/li>\n  <li>Sector Industrial y Log\u00edstico<\/li>\n  <li>Comercio y Exportaci\u00f3n<\/li>\n<\/ul>\n<\/div>\n\n\n\n<div class=\"wp-block-buttons  animated animated-fadeInUp is-content-justification-left is-layout-flex wp-container-core-buttons-is-layout-cf27a859 wp-block-buttons-is-layout-flex\" style=\"margin-top:35px;margin-bottom:20px\">\n<div class=\"wp-block-button is-style-fill\"><a class=\"wp-block-button__link has-background-color has-primary-background-color has-text-color has-background\" href=\"#\" style=\"border-radius:5px;padding-top:10px;padding-right:35px;padding-bottom:10px;padding-left:35px\">Explora los servicios<\/a><\/div>\n<\/div>\n<\/div>\n<\/div>\n<\/div>\n<\/div>\n\n\n\n\n<div id=\"contacto-component\">\n  <style>\n    #contacto-component{font-family:Arial,sans-serif;max-width:80%;margin:20px auto;padding:20px;border:1px solid #e0e0e0;border-radius:10px;background:#fff;box-shadow:0 6px 20px rgba(0,0,0,0.08)}\n    #contacto-component h2{margin-top:0;font-size:20px;color:#2563eb;text-align:center}\n    #contacto-component p{margin:0 0 15px;color:#666;font-size:14px;text-align:center}\n    #contacto-component form{display:flex;flex-wrap:wrap;gap:10px;margin-top:15px}\n    #contacto-component label{display:block;font-size:13px;margin-bottom:4px;color:#444}\n    #contacto-component input,#contacto-component textarea{width:100%;padding:10px;border:1px solid #ccc;border-radius:6px;font-size:14px}\n    #contacto-component textarea{resize:vertical;min-height:100px}\n    #contacto-component .half{flex:1 1 48%}\n    #contacto-component .full{flex:1 1 100%}\n    #contacto-component .actions{flex:1 1 100%;text-align:right;margin-top:10px}\n    #contacto-component button{background:#2563eb;color:#fff;border:none;padding:10px 16px;border-radius:6px;cursor:pointer;font-size:14px;transition:background .3s}\n    #contacto-component button:hover{background:#1d4ed8}\n    #contacto-component button:disabled{opacity:0.6;cursor:not-allowed}\n    #contacto-component .msg{margin-top:10px;padding:8px;border-radius:6px;font-size:13px}\n    #contacto-component .success{background:#ecfdf5;color:#065f46;border:1px solid #bbf7d0}\n    #contacto-component .error{background:#fff1f2;color:#7f1d1d;border:1px solid #fecaca}\n    #contacto-component .info-empresa{margin-top:25px;padding-top:15px;border-top:2px solid #2563eb;display:flex;flex-wrap:wrap;gap:20px;justify-content:space-around;text-align:center}\n    #contacto-component .info-item{flex:1 1 30%;min-width:180px;background:#f9fafb;padding:15px;border-radius:10px;box-shadow:0 4px 12px rgba(0,0,0,0.05);transition:transform .3s}\n    #contacto-component .info-item:hover{transform:translateY(-5px)}\n    #contacto-component .info-item img{width:40px;height:40px;display:block;margin:0 auto 10px}\n    #contacto-component .info-item p{margin:5px 0;font-size:14px;color:#333}\n    #contacto-component .info-item strong{display:block;color:#2563eb;font-size:15px;margin-bottom:5px}\n  <\/style>\n\n  <h2>Formulario de Contacto<\/h2>\n  <p>Complete el formulario y describa su solicitud. Responderemos a la brevedad.<\/p>\n\n  <form id=\"contactFormComponent\" novalidate>\n    <div class=\"half\">\n      <label for=\"nombre\">Nombre completo *<\/label>\n      <input id=\"nombre\" name=\"nombre\" type=\"text\" required \/>\n    <\/div>\n\n    <div class=\"half\">\n      <label for=\"empresa\">Empresa<\/label>\n      <input id=\"empresa\" name=\"empresa\" type=\"text\" \/>\n    <\/div>\n\n    <div class=\"half\">\n      <label for=\"correo\">Correo electr\u00f3nico *<\/label>\n      <input id=\"correo\" name=\"correo\" type=\"email\" required \/>\n    <\/div>\n\n    <div class=\"half\">\n      <label for=\"telefono\">Tel\u00e9fono<\/label>\n      <input id=\"telefono\" name=\"telefono\" type=\"tel\" \/>\n    <\/div>\n\n    <div class=\"full\">\n      <label for=\"comentario\">Comentario \/ Detalle de la solicitud *<\/label>\n      <textarea id=\"comentario\" name=\"comentario\" required><\/textarea>\n    <\/div>\n\n    <div class=\"actions\">\n      <button type=\"submit\" id=\"submitBtnComponent\">Enviar<\/button>\n    <\/div>\n    <div id=\"responseMsgComponent\"><\/div>\n  <\/form>\n\n  <div class=\"info-empresa\">\n    <div class=\"info-item\">\n      <img decoding=\"async\" src=\"https:\/\/fatec-ing.com.do\/wp-content\/themes\/construction-light\/assets\/default\/icon-4.png\" alt=\"Tel\u00e9fono\" \/>\n      <strong>Tel\u00e9fono<\/strong>\n      <p>+1 809-912-3750<\/p>\n    <\/div>\n    <div class=\"info-item\">\n      <img decoding=\"async\" src=\"https:\/\/fatec-ing.com.do\/wp-content\/themes\/construction-light\/assets\/default\/icon-5.png\" alt=\"Correo\" \/>\n      <strong>Correo<\/strong>\n      <p>info@fatec-ing.com.do<\/p>\n    <\/div>\n    <div class=\"info-item\">\n      <img decoding=\"async\" src=\"https:\/\/fatec-ing.com.do\/wp-content\/themes\/construction-light\/assets\/default\/icon-2.png\" alt=\"Direcci\u00f3n\" \/>\n      <strong>Direcci\u00f3n<\/strong>\n      <p>D.N., Santo Domingo, Rep\u00fablica Dominicana<\/p>\n    <\/div>\n  <\/div>\n\n  <script>\n    (function(){\n      const form = document.getElementById('contactFormComponent');\n      const btn = document.getElementById('submitBtnComponent');\n      const resp = document.getElementById('responseMsgComponent');\n\n      function showMessage(text, type){\n        resp.innerHTML = '';\n        const d = document.createElement('div');\n        d.className = 'msg ' + (type === 'ok'? 'success' : 'error');\n        d.textContent = text;\n        resp.appendChild(d);\n      }\n\n      form.addEventListener('submit', function(e){\n        e.preventDefault();\n\n        if(!form.checkValidity()){\n          showMessage('Por favor complete los campos obligatorios.', 'err');\n          return;\n        }\n\n        btn.disabled = true;\n        btn.textContent = 'Enviando...';\n\n        const data = {\n          nombre: form.nombre.value.trim(),\n          empresa: form.empresa.value.trim(),\n          correo: form.correo.value.trim(),\n          telefono: form.telefono.value.trim(),\n          comentario: form.comentario.value.trim()\n        };\n\n        setTimeout(() => {\n          showMessage('Formulario enviado correctamente (simulaci\u00f3n).', 'ok');\n          btn.disabled = false;\n          btn.textContent = 'Enviar';\n          form.reset();\n          console.log('Datos simulados enviados:', data);\n        }, 700);\n      });\n    })();\n  <\/script>\n<\/div>\n\n\n \n\n<p>&nbsp;<\/p>\t\t\t\t\t\t\t\t<\/div>\n\t\t\t\t\t<\/div>\n\t\t\t\t<\/div>\n\t\t\t\t<\/div>\n\t\t","protected":false},"excerpt":{"rendered":"<p>&nbsp; &nbsp;<\/p>\n","protected":false},"author":1,"featured_media":0,"parent":0,"menu_order":0,"comment_status":"closed","ping_status":"closed","template":"template-pagebuilder.php","meta":{"footnotes":""},"class_list":["post-14","page","type-page","status-publish","hentry"],"yoast_head":"<!-- This site is optimized with the Yoast SEO plugin v25.5 - https:\/\/yoast.com\/wordpress\/plugins\/seo\/ -->\n<title>Inicio - FATEC ING<\/title>\n<meta name=\"robots\" content=\"index, follow, max-snippet:-1, max-image-preview:large, max-video-preview:-1\" \/>\n<link rel=\"canonical\" href=\"https:\/\/fatec-ing.com.do\/\" \/>\n<meta property=\"og:locale\" content=\"es_ES\" \/>\n<meta property=\"og:type\" content=\"article\" \/>\n<meta property=\"og:title\" content=\"Inicio - FATEC ING\" \/>\n<meta property=\"og:description\" content=\"&nbsp; &nbsp;\" \/>\n<meta property=\"og:url\" content=\"https:\/\/fatec-ing.com.do\/\" \/>\n<meta property=\"og:site_name\" content=\"FATEC ING\" \/>\n<meta property=\"article:modified_time\" content=\"2025-09-25T11:39:09+00:00\" \/>\n<meta name=\"twitter:card\" content=\"summary_large_image\" \/>\n<script type=\"application\/ld+json\" class=\"yoast-schema-graph\">{\"@context\":\"https:\/\/schema.org\",\"@graph\":[{\"@type\":\"WebPage\",\"@id\":\"https:\/\/fatec-ing.com.do\/\",\"url\":\"https:\/\/fatec-ing.com.do\/\",\"name\":\"Inicio - FATEC ING\",\"isPartOf\":{\"@id\":\"https:\/\/fatec-ing.com.do\/#website\"},\"datePublished\":\"2025-07-24T13:16:30+00:00\",\"dateModified\":\"2025-09-25T11:39:09+00:00\",\"breadcrumb\":{\"@id\":\"https:\/\/fatec-ing.com.do\/#breadcrumb\"},\"inLanguage\":\"es\",\"potentialAction\":[{\"@type\":\"ReadAction\",\"target\":[\"https:\/\/fatec-ing.com.do\/\"]}]},{\"@type\":\"BreadcrumbList\",\"@id\":\"https:\/\/fatec-ing.com.do\/#breadcrumb\",\"itemListElement\":[{\"@type\":\"ListItem\",\"position\":1,\"name\":\"Portada\",\"item\":\"https:\/\/fatec-ing.com.do\/\"},{\"@type\":\"ListItem\",\"position\":2,\"name\":\"Inicio\"}]},{\"@type\":\"WebSite\",\"@id\":\"https:\/\/fatec-ing.com.do\/#website\",\"url\":\"https:\/\/fatec-ing.com.do\/\",\"name\":\"FATEC ING\",\"description\":\"\",\"publisher\":{\"@id\":\"https:\/\/fatec-ing.com.do\/#organization\"},\"potentialAction\":[{\"@type\":\"SearchAction\",\"target\":{\"@type\":\"EntryPoint\",\"urlTemplate\":\"https:\/\/fatec-ing.com.do\/?s={search_term_string}\"},\"query-input\":{\"@type\":\"PropertyValueSpecification\",\"valueRequired\":true,\"valueName\":\"search_term_string\"}}],\"inLanguage\":\"es\"},{\"@type\":\"Organization\",\"@id\":\"https:\/\/fatec-ing.com.do\/#organization\",\"name\":\"FATEC ING\",\"url\":\"https:\/\/fatec-ing.com.do\/\",\"logo\":{\"@type\":\"ImageObject\",\"inLanguage\":\"es\",\"@id\":\"https:\/\/fatec-ing.com.do\/#\/schema\/logo\/image\/\",\"url\":\"https:\/\/fatec-ing.com.do\/wp-content\/uploads\/2025\/07\/cropped-WhatsApp-Image-2025-07-24-at-9.14.20-AM1.jpeg\",\"contentUrl\":\"https:\/\/fatec-ing.com.do\/wp-content\/uploads\/2025\/07\/cropped-WhatsApp-Image-2025-07-24-at-9.14.20-AM1.jpeg\",\"width\":1022,\"height\":1081,\"caption\":\"FATEC ING\"},\"image\":{\"@id\":\"https:\/\/fatec-ing.com.do\/#\/schema\/logo\/image\/\"}}]}<\/script>\n<!-- \/ Yoast SEO plugin. -->","yoast_head_json":{"title":"Inicio - FATEC ING","robots":{"index":"index","follow":"follow","max-snippet":"max-snippet:-1","max-image-preview":"max-image-preview:large","max-video-preview":"max-video-preview:-1"},"canonical":"https:\/\/fatec-ing.com.do\/","og_locale":"es_ES","og_type":"article","og_title":"Inicio - FATEC ING","og_description":"&nbsp; &nbsp;","og_url":"https:\/\/fatec-ing.com.do\/","og_site_name":"FATEC ING","article_modified_time":"2025-09-25T11:39:09+00:00","twitter_card":"summary_large_image","schema":{"@context":"https:\/\/schema.org","@graph":[{"@type":"WebPage","@id":"https:\/\/fatec-ing.com.do\/","url":"https:\/\/fatec-ing.com.do\/","name":"Inicio - FATEC ING","isPartOf":{"@id":"https:\/\/fatec-ing.com.do\/#website"},"datePublished":"2025-07-24T13:16:30+00:00","dateModified":"2025-09-25T11:39:09+00:00","breadcrumb":{"@id":"https:\/\/fatec-ing.com.do\/#breadcrumb"},"inLanguage":"es","potentialAction":[{"@type":"ReadAction","target":["https:\/\/fatec-ing.com.do\/"]}]},{"@type":"BreadcrumbList","@id":"https:\/\/fatec-ing.com.do\/#breadcrumb","itemListElement":[{"@type":"ListItem","position":1,"name":"Portada","item":"https:\/\/fatec-ing.com.do\/"},{"@type":"ListItem","position":2,"name":"Inicio"}]},{"@type":"WebSite","@id":"https:\/\/fatec-ing.com.do\/#website","url":"https:\/\/fatec-ing.com.do\/","name":"FATEC ING","description":"","publisher":{"@id":"https:\/\/fatec-ing.com.do\/#organization"},"potentialAction":[{"@type":"SearchAction","target":{"@type":"EntryPoint","urlTemplate":"https:\/\/fatec-ing.com.do\/?s={search_term_string}"},"query-input":{"@type":"PropertyValueSpecification","valueRequired":true,"valueName":"search_term_string"}}],"inLanguage":"es"},{"@type":"Organization","@id":"https:\/\/fatec-ing.com.do\/#organization","name":"FATEC ING","url":"https:\/\/fatec-ing.com.do\/","logo":{"@type":"ImageObject","inLanguage":"es","@id":"https:\/\/fatec-ing.com.do\/#\/schema\/logo\/image\/","url":"https:\/\/fatec-ing.com.do\/wp-content\/uploads\/2025\/07\/cropped-WhatsApp-Image-2025-07-24-at-9.14.20-AM1.jpeg","contentUrl":"https:\/\/fatec-ing.com.do\/wp-content\/uploads\/2025\/07\/cropped-WhatsApp-Image-2025-07-24-at-9.14.20-AM1.jpeg","width":1022,"height":1081,"caption":"FATEC ING"},"image":{"@id":"https:\/\/fatec-ing.com.do\/#\/schema\/logo\/image\/"}}]}},"_links":{"self":[{"href":"https:\/\/fatec-ing.com.do\/index.php\/wp-json\/wp\/v2\/pages\/14","targetHints":{"allow":["GET"]}}],"collection":[{"href":"https:\/\/fatec-ing.com.do\/index.php\/wp-json\/wp\/v2\/pages"}],"about":[{"href":"https:\/\/fatec-ing.com.do\/index.php\/wp-json\/wp\/v2\/types\/page"}],"author":[{"embeddable":true,"href":"https:\/\/fatec-ing.com.do\/index.php\/wp-json\/wp\/v2\/users\/1"}],"replies":[{"embeddable":true,"href":"https:\/\/fatec-ing.com.do\/index.php\/wp-json\/wp\/v2\/comments?post=14"}],"version-history":[{"count":41,"href":"https:\/\/fatec-ing.com.do\/index.php\/wp-json\/wp\/v2\/pages\/14\/revisions"}],"predecessor-version":[{"id":131,"href":"https:\/\/fatec-ing.com.do\/index.php\/wp-json\/wp\/v2\/pages\/14\/revisions\/131"}],"wp:attachment":[{"href":"https:\/\/fatec-ing.com.do\/index.php\/wp-json\/wp\/v2\/media?parent=14"}],"curies":[{"name":"wp","href":"https:\/\/api.w.org\/{rel}","templated":true}]}}